{"id":386,"date":"2023-05-14T01:18:56","date_gmt":"2023-05-13T22:18:56","guid":{"rendered":"https:\/\/kocaelicozumelektrik.com.tr\/?page_id=386"},"modified":"2023-05-14T02:07:54","modified_gmt":"2023-05-13T23:07:54","slug":"elektrik-ariza-tamir","status":"publish","type":"page","link":"https:\/\/kocaelicozumelektrik.com.tr\/index.php\/elektrik-ariza-tamir\/","title":{"rendered":"Elektrik Tamiri"},"content":{"rendered":"\n<figure class=\"wp-block-image size-full is-resized\"><img loading=\"lazy\" decoding=\"async\" src=\"https:\/\/kocaelicozumelektrik.com.tr\/wp-content\/uploads\/2023\/05\/elektrikcim-1.jpg\" alt=\"\" class=\"wp-image-381\" width=\"405\" height=\"304\" srcset=\"https:\/\/kocaelicozumelektrik.com.tr\/wp-content\/uploads\/2023\/05\/elektrikcim-1.jpg 800w, https:\/\/kocaelicozumelektrik.com.tr\/wp-content\/uploads\/2023\/05\/elektrikcim-1-300x225.jpg 300w, https:\/\/kocaelicozumelektrik.com.tr\/wp-content\/uploads\/2023\/05\/elektrikcim-1-768x576.jpg 768w\" sizes=\"auto, (max-width: 405px) 100vw, 405px\" \/><\/figure>\n\n\n\n<p>Kocaeli&#8217;de Profesyonel Elektrik\u00e7i Ve En Yak\u0131n; Elektrik\u00e7i firmas\u0131 olarak y\u0131llar\u0131n getirdi\u011fi tecr\u00fcbe ile elektrik\u00e7i sekt\u00f6r\u00fcnde uzun y\u0131llar m\u00fc\u015fterilerine h\u0131zl\u0131 ve acil bir \u015fekilde hizmet vermektedir Bu anlamda elektrik\u00e7i \u00f6yk\u00fclerinde h\u0131z mevzusunun \u00e7ok \u00f6nemli bir konumda oldu\u011funun fark\u0131nday\u0131z. \u0130nsanlar elektriksiz kald\u0131klar\u0131nda b\u00fcy\u00fck bir endi\u015fe ya\u015fayarak ne yapacaklar\u0131n\u0131 bilemez pozisyona gelebiliyorlar. Bu durumda m\u00fc\u015fterilerimize tavsiyemiz, kesinlikle herhangi bir endi\u015fe ta\u015f\u0131madan en k\u0131sa s\u00fcrede firmam\u0131za ula\u015fmalar\u0131 ve bizlerden yard\u0131m istemeleridir. Bu i\u015flemleri sa\u011flad\u0131\u011f\u0131n\u0131z takdirde ekip arkada\u015flar\u0131m\u0131z sizlere kaliteli bir \u015fekilde hizmet sunacaklard\u0131r. Her biri alan\u0131nda uzman ve koordineli bir \u015fekilde \u00e7al\u0131\u015fan profesyonel \u00e7al\u0131\u015fanlar\u0131m\u0131z elektrik\u00e7i sekt\u00f6r\u00fcnde uzun y\u0131llar birtak\u0131m e\u011fitim ve sertifikasyon \u00e7al\u0131\u015fmalar\u0131ndan ge\u00e7mi\u015ftir. Bunun sonucunda ald\u0131\u011f\u0131m\u0131z \u00e7e\u015fitli belgelerle birlikte h\u0131z\u0131m\u0131z\u0131 daha da artt\u0131rarak sekt\u00f6rde var olmaya devam edece\u011fiz.&nbsp;<\/p>\n","protected":false},"excerpt":{"rendered":"<p>Kocaeli&#8217;de Profesyonel Elektrik\u00e7i Ve En Yak\u0131n; Elektrik\u00e7i firmas\u0131 olarak y\u0131llar\u0131n getirdi\u011fi tecr\u00fcbe ile elektrik\u00e7i sekt\u00f6r\u00fcnde uzun y\u0131llar m\u00fc\u015fterilerine h\u0131zl\u0131 ve acil bir \u015fekilde hizmet vermektedir Bu anlamda elektrik\u00e7i \u00f6yk\u00fclerinde h\u0131z mevzusunun \u00e7ok \u00f6nemli bir konumda oldu\u011funun fark\u0131nday\u0131z. \u0130nsanlar elektriksiz kald\u0131klar\u0131nda b\u00fcy\u00fck bir endi\u015fe ya\u015fayarak ne yapacaklar\u0131n\u0131 bilemez pozisyona gelebiliyorlar. Bu durumda m\u00fc\u015fterilerimize tavsiyemiz, kesinlikle herhangi&hellip;&nbsp;<a href=\"https:\/\/kocaelicozumelektrik.com.tr\/index.php\/elektrik-ariza-tamir\/\" class=\"\" rel=\"bookmark\">Daha fazlas\u0131n\u0131 oku &raquo;<span class=\"screen-reader-text\">Elektrik Tamiri<\/span><\/a><\/p>\n","protected":false},"author":1,"featured_media":0,"parent":0,"menu_order":0,"comment_status":"closed","ping_status":"closed","template":"","meta":{"neve_meta_sidebar":"","neve_meta_container":"","neve_meta_enable_content_width":"","neve_meta_content_width":0,"neve_meta_title_alignment":"","neve_meta_author_avatar":"","neve_post_elements_order":"","neve_meta_disable_header":"","neve_meta_disable_footer":"","neve_meta_disable_title":"","_themeisle_gutenberg_block_has_review":false,"_ti_tpc_template_sync":false,"_ti_tpc_template_id":"","_joinchat":[],"footnotes":""},"class_list":["post-386","page","type-page","status-publish","hentry"],"_links":{"self":[{"href":"https:\/\/kocaelicozumelektrik.com.tr\/index.php\/wp-json\/wp\/v2\/pages\/386","targetHints":{"allow":["GET"]}}],"collection":[{"href":"https:\/\/kocaelicozumelektrik.com.tr\/index.php\/wp-json\/wp\/v2\/pages"}],"about":[{"href":"https:\/\/kocaelicozumelektrik.com.tr\/index.php\/wp-json\/wp\/v2\/types\/page"}],"author":[{"embeddable":true,"href":"https:\/\/kocaelicozumelektrik.com.tr\/index.php\/wp-json\/wp\/v2\/users\/1"}],"replies":[{"embeddable":true,"href":"https:\/\/kocaelicozumelektrik.com.tr\/index.php\/wp-json\/wp\/v2\/comments?post=386"}],"version-history":[{"count":2,"href":"https:\/\/kocaelicozumelektrik.com.tr\/index.php\/wp-json\/wp\/v2\/pages\/386\/revisions"}],"predecessor-version":[{"id":400,"href":"https:\/\/kocaelicozumelektrik.com.tr\/index.php\/wp-json\/wp\/v2\/pages\/386\/revisions\/400"}],"wp:attachment":[{"href":"https:\/\/kocaelicozumelektrik.com.tr\/index.php\/wp-json\/wp\/v2\/media?parent=386"}],"curies":[{"name":"wp","href":"https:\/\/api.w.org\/{rel}","templated":true}]}}