{"id":391,"date":"2023-05-14T02:05:21","date_gmt":"2023-05-13T23:05:21","guid":{"rendered":"https:\/\/kocaelicozumelektrik.com.tr\/?page_id=391"},"modified":"2023-05-14T02:07:44","modified_gmt":"2023-05-13T23:07:44","slug":"kocaali-uydu-montaj-kurulumu","status":"publish","type":"page","link":"https:\/\/kocaelicozumelektrik.com.tr\/index.php\/kocaali-uydu-montaj-kurulumu\/","title":{"rendered":"Uydu Montaj"},"content":{"rendered":"\n<figure class=\"wp-block-image size-full is-resized\"><img loading=\"lazy\" decoding=\"async\" src=\"https:\/\/kocaelicozumelektrik.com.tr\/wp-content\/uploads\/2023\/05\/uydukur.jpg\" alt=\"\" class=\"wp-image-392\" width=\"399\" height=\"319\" srcset=\"https:\/\/kocaelicozumelektrik.com.tr\/wp-content\/uploads\/2023\/05\/uydukur.jpg 1000w, https:\/\/kocaelicozumelektrik.com.tr\/wp-content\/uploads\/2023\/05\/uydukur-300x240.jpg 300w, https:\/\/kocaelicozumelektrik.com.tr\/wp-content\/uploads\/2023\/05\/uydukur-768x614.jpg 768w\" sizes=\"auto, (max-width: 399px) 100vw, 399px\" \/><\/figure>\n\n\n\n<p><strong>Kocaali Uydu Kurulumu Hizmetleri Vermekteyiz. Filyos (Hisar\u00f6n\u00fc) Kocaali&#8217;de Uyducu Ar\u0131yorsan\u0131z Do\u011fru Adrestesiniz Aray\u0131n An\u0131nda Ustam\u0131z Uydu Montaj\u0131n\u0131 Ve Kurulumunu Yaps\u0131n. Kocaali Uyducusu Kanal Ayarlama Kanal Bozulmas\u0131 Vs. T\u00fcm Ar\u0131zalar\u0131 Onarmaktad\u0131r. Kocaali Uydu Tamiri Ustas\u0131 Bir Telefon Kadar Yak\u0131nd\u0131r Size.\u00a0<\/strong><\/p>\n\n\n\n<p><\/p>\n","protected":false},"excerpt":{"rendered":"<p>Kocaali Uydu Kurulumu Hizmetleri Vermekteyiz. Filyos (Hisar\u00f6n\u00fc) Kocaali&#8217;de Uyducu Ar\u0131yorsan\u0131z Do\u011fru Adrestesiniz Aray\u0131n An\u0131nda Ustam\u0131z Uydu Montaj\u0131n\u0131 Ve Kurulumunu Yaps\u0131n. Kocaali Uyducusu Kanal Ayarlama Kanal Bozulmas\u0131 Vs. T\u00fcm Ar\u0131zalar\u0131 Onarmaktad\u0131r. Kocaali Uydu Tamiri Ustas\u0131 Bir Telefon Kadar Yak\u0131nd\u0131r Size.\u00a0<\/p>\n","protected":false},"author":1,"featured_media":0,"parent":0,"menu_order":0,"comment_status":"closed","ping_status":"closed","template":"","meta":{"neve_meta_sidebar":"","neve_meta_container":"","neve_meta_enable_content_width":"","neve_meta_content_width":0,"neve_meta_title_alignment":"","neve_meta_author_avatar":"","neve_post_elements_order":"","neve_meta_disable_header":"","neve_meta_disable_footer":"","neve_meta_disable_title":"","_themeisle_gutenberg_block_has_review":false,"_ti_tpc_template_sync":false,"_ti_tpc_template_id":"","_joinchat":[],"footnotes":""},"class_list":["post-391","page","type-page","status-publish","hentry"],"_links":{"self":[{"href":"https:\/\/kocaelicozumelektrik.com.tr\/index.php\/wp-json\/wp\/v2\/pages\/391","targetHints":{"allow":["GET"]}}],"collection":[{"href":"https:\/\/kocaelicozumelektrik.com.tr\/index.php\/wp-json\/wp\/v2\/pages"}],"about":[{"href":"https:\/\/kocaelicozumelektrik.com.tr\/index.php\/wp-json\/wp\/v2\/types\/page"}],"author":[{"embeddable":true,"href":"https:\/\/kocaelicozumelektrik.com.tr\/index.php\/wp-json\/wp\/v2\/users\/1"}],"replies":[{"embeddable":true,"href":"https:\/\/kocaelicozumelektrik.com.tr\/index.php\/wp-json\/wp\/v2\/comments?post=391"}],"version-history":[{"count":2,"href":"https:\/\/kocaelicozumelektrik.com.tr\/index.php\/wp-json\/wp\/v2\/pages\/391\/revisions"}],"predecessor-version":[{"id":399,"href":"https:\/\/kocaelicozumelektrik.com.tr\/index.php\/wp-json\/wp\/v2\/pages\/391\/revisions\/399"}],"wp:attachment":[{"href":"https:\/\/kocaelicozumelektrik.com.tr\/index.php\/wp-json\/wp\/v2\/media?parent=391"}],"curies":[{"name":"wp","href":"https:\/\/api.w.org\/{rel}","templated":true}]}}