{"id":61,"date":"2020-01-23T18:21:52","date_gmt":"2020-01-23T15:21:52","guid":{"rendered":"https:\/\/demosites.io\/web-agency-gb\/?page_id=61"},"modified":"2023-05-14T01:02:05","modified_gmt":"2023-05-13T22:02:05","slug":"15c42-web-agency-gb-about-us","status":"publish","type":"page","link":"https:\/\/kocaelicozumelektrik.com.tr\/index.php\/15c42-web-agency-gb-about-us\/","title":{"rendered":"Hakk\u0131m\u0131zda"},"content":{"rendered":"\n<div class=\"wp-block-cover alignfull\" style=\"min-height:600px;aspect-ratio:unset;\"><span aria-hidden=\"true\" class=\"wp-block-cover__background has-nv-light-bg-background-color has-background-dim-100 has-background-dim\"><\/span><div class=\"wp-block-cover__inner-container is-layout-flow wp-block-cover-is-layout-flow\">\n<div class=\"wp-block-group\"><div class=\"wp-block-group__inner-container is-layout-flow wp-block-group-is-layout-flow\">\n<div style=\"height:80px\" aria-hidden=\"true\" class=\"wp-block-spacer\"><\/div>\n\n\n\n<div class=\"wp-block-columns are-vertically-aligned-center has-neve-text-color-color has-text-color is-layout-flex wp-container-core-columns-is-layout-9d6595d7 wp-block-columns-is-layout-flex\">\n<div class=\"wp-block-column is-vertically-aligned-center is-layout-flow wp-block-column-is-layout-flow\" style=\"flex-basis:50%\">\n<figure class=\"wp-block-image size-large\"><img loading=\"lazy\" decoding=\"async\" width=\"1024\" height=\"576\" src=\"https:\/\/kocaelicozumelektrik.com.tr\/wp-content\/uploads\/2023\/05\/elektrik-1024x576.jpg\" alt=\"\" class=\"wp-image-382\" srcset=\"https:\/\/kocaelicozumelektrik.com.tr\/wp-content\/uploads\/2023\/05\/elektrik-1024x576.jpg 1024w, https:\/\/kocaelicozumelektrik.com.tr\/wp-content\/uploads\/2023\/05\/elektrik-300x169.jpg 300w, https:\/\/kocaelicozumelektrik.com.tr\/wp-content\/uploads\/2023\/05\/elektrik-768x432.jpg 768w, https:\/\/kocaelicozumelektrik.com.tr\/wp-content\/uploads\/2023\/05\/elektrik-1536x864.jpg 1536w, https:\/\/kocaelicozumelektrik.com.tr\/wp-content\/uploads\/2023\/05\/elektrik.jpg 1920w\" sizes=\"auto, (max-width: 1024px) 100vw, 1024px\" \/><\/figure>\n<\/div>\n\n\n\n<div class=\"wp-block-column is-vertically-aligned-center is-layout-flow wp-block-column-is-layout-flow\" style=\"flex-basis:50%\">\n<h2 class=\"wp-block-heading has-neve-text-color-color has-text-color\">Gebze Elektrik\u00e7i<\/h2>\n\n\n\n<p>Elektrik\u00e7i firmas\u0131 olarak y\u0131llar\u0131n getirdi\u011fi tecr\u00fcbe ile elektrik\u00e7i sekt\u00f6r\u00fcnde uzun y\u0131llar m\u00fc\u015fterilerine h\u0131zl\u0131 ve acil bir \u015fekilde hizmet vermektedir Bu anlamda elektrik\u00e7i \u00f6yk\u00fclerinde h\u0131z mevzusunun \u00e7ok \u00f6nemli bir konumda oldu\u011funun fark\u0131nday\u0131z. Bu nedenle en hassas ve en titiz \u015fekilde i\u015flemleri ger\u00e7ekle\u015ftirip sizlere sunuyoruz. Elektrik ar\u0131zas\u0131, Avize montaj\u0131 ve uydu montaj ayarlar\u0131 gibi hizmetler vermekteyiz. Bu alanda hizmet almak i\u00e7in bizlere yeterlidir.<\/p>\n\n\n\n<p class=\"has-neve-text-color-color has-text-color\"><\/p>\n<\/div>\n<\/div>\n\n\n\n<div style=\"height:40px\" aria-hidden=\"true\" class=\"wp-block-spacer\"><\/div>\n<\/div><\/div>\n<\/div><\/div>\n","protected":false},"excerpt":{"rendered":"","protected":false},"author":1,"featured_media":0,"parent":0,"menu_order":0,"comment_status":"closed","ping_status":"closed","template":"","meta":{"neve_meta_sidebar":"default","neve_meta_container":"default","neve_meta_enable_content_width":"on","neve_meta_content_width":100,"neve_meta_title_alignment":"","neve_meta_author_avatar":"","neve_post_elements_order":"","neve_meta_disable_header":"","neve_meta_disable_footer":"","neve_meta_disable_title":"on","_themeisle_gutenberg_block_has_review":false,"_ti_tpc_template_sync":false,"_ti_tpc_template_id":"eex7gnweb2m8vo93cr1g","_joinchat":[],"footnotes":""},"class_list":["post-61","page","type-page","status-publish","hentry"],"_links":{"self":[{"href":"https:\/\/kocaelicozumelektrik.com.tr\/index.php\/wp-json\/wp\/v2\/pages\/61","targetHints":{"allow":["GET"]}}],"collection":[{"href":"https:\/\/kocaelicozumelektrik.com.tr\/index.php\/wp-json\/wp\/v2\/pages"}],"about":[{"href":"https:\/\/kocaelicozumelektrik.com.tr\/index.php\/wp-json\/wp\/v2\/types\/page"}],"author":[{"embeddable":true,"href":"https:\/\/kocaelicozumelektrik.com.tr\/index.php\/wp-json\/wp\/v2\/users\/1"}],"replies":[{"embeddable":true,"href":"https:\/\/kocaelicozumelektrik.com.tr\/index.php\/wp-json\/wp\/v2\/comments?post=61"}],"version-history":[{"count":2,"href":"https:\/\/kocaelicozumelektrik.com.tr\/index.php\/wp-json\/wp\/v2\/pages\/61\/revisions"}],"predecessor-version":[{"id":383,"href":"https:\/\/kocaelicozumelektrik.com.tr\/index.php\/wp-json\/wp\/v2\/pages\/61\/revisions\/383"}],"wp:attachment":[{"href":"https:\/\/kocaelicozumelektrik.com.tr\/index.php\/wp-json\/wp\/v2\/media?parent=61"}],"curies":[{"name":"wp","href":"https:\/\/api.w.org\/{rel}","templated":true}]}}